{"id":7096,"date":"2025-09-09T14:36:07","date_gmt":"2025-09-09T17:36:07","guid":{"rendered":"https:\/\/agualarevanchasodamar.com\/?post_type=product&#038;p=7096"},"modified":"2025-11-03T17:57:47","modified_gmt":"2025-11-03T20:57:47","slug":"bidon-ejemplo-3","status":"publish","type":"product","link":"https:\/\/agualarevanchasodamar.com\/index.php\/producto\/bidon-ejemplo-3\/","title":{"rendered":"Dispensador de agua fresca y caliente"},"content":{"rendered":"","protected":false},"excerpt":{"rendered":"<p><strong>Condici\u00f3n de pr\u00e9stamo: 1 bid\u00f3n de 12 litros por semana<\/strong><\/p>\n","protected":false},"featured_media":7204,"template":"","meta":{"_uag_custom_page_level_css":"","site-sidebar-layout":"default","site-content-layout":"","ast-site-content-layout":"default","site-content-style":"default","site-sidebar-style":"default","ast-global-header-display":"","ast-banner-title-visibility":"","ast-main-header-display":"","ast-hfb-above-header-display":"","ast-hfb-below-header-display":"","ast-hfb-mobile-header-display":"","site-post-title":"","ast-breadcrumbs-content":"","ast-featured-img":"","footer-sml-layout":"","theme-transparent-header-meta":"default","adv-header-id-meta":"","stick-header-meta":"","header-above-stick-meta":"","header-main-stick-meta":"","header-below-stick-meta":"","astra-migrate-meta-layouts":"set","ast-page-background-enabled":"default","ast-page-background-meta":{"desktop":{"background-color":"","background-image":"","background-repeat":"repeat","background-position":"center center","background-size":"auto","background-attachment":"scroll","background-type":"","background-media":"","overlay-type":"","overlay-color":"","overlay-opacity":"","overlay-gradient":""},"tablet":{"background-color":"","background-image":"","background-repeat":"repeat","background-position":"center center","background-size":"auto","background-attachment":"scroll","background-type":"","background-media":"","overlay-type":"","overlay-color":"","overlay-opacity":"","overlay-gradient":""},"mobile":{"background-color":"","background-image":"","background-repeat":"repeat","background-position":"center center","background-size":"auto","background-attachment":"scroll","background-type":"","background-media":"","overlay-type":"","overlay-color":"","overlay-opacity":"","overlay-gradient":""}},"ast-content-background-meta":{"desktop":{"background-color":"var(--ast-global-color-5)","background-image":"","background-repeat":"repeat","background-position":"center center","background-size":"auto","background-attachment":"scroll","background-type":"","background-media":"","overlay-type":"","overlay-color":"","overlay-opacity":"","overlay-gradient":""},"tablet":{"background-color":"var(--ast-global-color-5)","background-image":"","background-repeat":"repeat","background-position":"center center","background-size":"auto","background-attachment":"scroll","background-type":"","background-media":"","overlay-type":"","overlay-color":"","overlay-opacity":"","overlay-gradient":""},"mobile":{"background-color":"var(--ast-global-color-5)","background-image":"","background-repeat":"repeat","background-position":"center center","background-size":"auto","background-attachment":"scroll","background-type":"","background-media":"","overlay-type":"","overlay-color":"","overlay-opacity":"","overlay-gradient":""}},"_joinchat":[]},"product_brand":[],"product_cat":[15],"product_tag":[],"class_list":{"0":"post-7096","1":"product","2":"type-product","3":"status-publish","4":"has-post-thumbnail","6":"product_cat-sin-categorizar","7":"desktop-align-center","8":"tablet-align-left","9":"mobile-align-left","11":"first","12":"instock","13":"shipping-taxable","14":"purchasable","15":"product-type-simple"},"uagb_featured_image_src":{"full":["https:\/\/agualarevanchasodamar.com\/wp-content\/uploads\/2025\/09\/WhatsApp-Image-2025-10-30-at-11.03.25-AM.jpeg",1200,1600,false],"thumbnail":["https:\/\/agualarevanchasodamar.com\/wp-content\/uploads\/2025\/09\/WhatsApp-Image-2025-10-30-at-11.03.25-AM-150x150.jpeg",150,150,true],"medium":["https:\/\/agualarevanchasodamar.com\/wp-content\/uploads\/2025\/09\/WhatsApp-Image-2025-10-30-at-11.03.25-AM-225x300.jpeg",225,300,true],"medium_large":["https:\/\/agualarevanchasodamar.com\/wp-content\/uploads\/2025\/09\/WhatsApp-Image-2025-10-30-at-11.03.25-AM-768x1024.jpeg",768,1024,true],"large":["https:\/\/agualarevanchasodamar.com\/wp-content\/uploads\/2025\/09\/WhatsApp-Image-2025-10-30-at-11.03.25-AM-768x1024.jpeg",768,1024,true],"1536x1536":["https:\/\/agualarevanchasodamar.com\/wp-content\/uploads\/2025\/09\/WhatsApp-Image-2025-10-30-at-11.03.25-AM-1152x1536.jpeg",1152,1536,true],"2048x2048":["https:\/\/agualarevanchasodamar.com\/wp-content\/uploads\/2025\/09\/WhatsApp-Image-2025-10-30-at-11.03.25-AM.jpeg",1200,1600,false],"woocommerce_thumbnail":["https:\/\/agualarevanchasodamar.com\/wp-content\/uploads\/2025\/09\/WhatsApp-Image-2025-10-30-at-11.03.25-AM-300x300.jpeg",300,300,true],"woocommerce_single":["https:\/\/agualarevanchasodamar.com\/wp-content\/uploads\/2025\/09\/WhatsApp-Image-2025-10-30-at-11.03.25-AM-600x800.jpeg",600,800,true],"woocommerce_gallery_thumbnail":["https:\/\/agualarevanchasodamar.com\/wp-content\/uploads\/2025\/09\/WhatsApp-Image-2025-10-30-at-11.03.25-AM-100x100.jpeg",100,100,true]},"uagb_author_info":{"display_name":"Moda Fitness Pay","author_link":"https:\/\/agualarevanchasodamar.com\/index.php\/author\/"},"uagb_comment_info":0,"uagb_excerpt":"Condici\u00f3n de pr\u00e9stamo: 1 bid\u00f3n de 12 litros por semana","_links":{"self":[{"href":"https:\/\/agualarevanchasodamar.com\/index.php\/wp-json\/wp\/v2\/product\/7096","targetHints":{"allow":["GET"]}}],"collection":[{"href":"https:\/\/agualarevanchasodamar.com\/index.php\/wp-json\/wp\/v2\/product"}],"about":[{"href":"https:\/\/agualarevanchasodamar.com\/index.php\/wp-json\/wp\/v2\/types\/product"}],"wp:featuredmedia":[{"embeddable":true,"href":"https:\/\/agualarevanchasodamar.com\/index.php\/wp-json\/wp\/v2\/media\/7204"}],"wp:attachment":[{"href":"https:\/\/agualarevanchasodamar.com\/index.php\/wp-json\/wp\/v2\/media?parent=7096"}],"wp:term":[{"taxonomy":"product_brand","embeddable":true,"href":"https:\/\/agualarevanchasodamar.com\/index.php\/wp-json\/wp\/v2\/product_brand?post=7096"},{"taxonomy":"product_cat","embeddable":true,"href":"https:\/\/agualarevanchasodamar.com\/index.php\/wp-json\/wp\/v2\/product_cat?post=7096"},{"taxonomy":"product_tag","embeddable":true,"href":"https:\/\/agualarevanchasodamar.com\/index.php\/wp-json\/wp\/v2\/product_tag?post=7096"}],"curies":[{"name":"wp","href":"https:\/\/api.w.org\/{rel}","templated":true}]}}